{"id":148,"date":"2024-10-13T04:21:47","date_gmt":"2024-10-13T04:21:47","guid":{"rendered":"https:\/\/chinesinhoexpress.com.br\/?page_id=148"},"modified":"2024-10-14T19:29:47","modified_gmt":"2024-10-14T19:29:47","slug":"peixes","status":"publish","type":"page","link":"https:\/\/chinesinhoexpress.com.br\/?page_id=148","title":{"rendered":"Peixe"},"content":{"rendered":"\n<figure class=\"wp-block-image size-large\"><img loading=\"lazy\" decoding=\"async\" width=\"1024\" height=\"347\" src=\"https:\/\/chinesinhoexpress.com.br\/wp-content\/uploads\/2024\/10\/Delivery1-1024x347.png\" alt=\"\" class=\"wp-image-224\" srcset=\"https:\/\/chinesinhoexpress.com.br\/wp-content\/uploads\/2024\/10\/Delivery1-1024x347.png 1024w, https:\/\/chinesinhoexpress.com.br\/wp-content\/uploads\/2024\/10\/Delivery1-300x102.png 300w, https:\/\/chinesinhoexpress.com.br\/wp-content\/uploads\/2024\/10\/Delivery1-768x260.png 768w, https:\/\/chinesinhoexpress.com.br\/wp-content\/uploads\/2024\/10\/Delivery1-1536x520.png 1536w, https:\/\/chinesinhoexpress.com.br\/wp-content\/uploads\/2024\/10\/Delivery1.png 1920w\" sizes=\"auto, (max-width: 1024px) 100vw, 1024px\" \/><\/figure>\n\n\n\n\n<div class=\"brm-menu minimalist\">\n\n<div class=\"brm-menu-section\">\t\t<div class=\"brm-heading brm-group-3\" style=\"display: block;\">\n\t\t\t\t\t\t\t<h2>Peixe<\/h2>\n\t\t\t\t\t\t\t\t<\/div>\n\t<div class=\"brm-menu-section nested-child\">\t\t<div class=\"brm-heading brm-group-31 subgroup\" style=\"display: block;\">\n\t\t\t\t\t\t\t<h2>Tilapisca<\/h2>\n\t\t\t\t\t\t\t\t\t\t<div class=\"brm-heading-description\">Isca de til\u00e1pia \u00e0 milanesa &#8211; Acompanha molho t\u00e1rtaro especial<\/div>\n\t\t\t\t\t<\/div>\n\t\t<div class=\"brm-items subgroup\">\n\t\t\t<div class=\"brm-item brm-item-44\">\n\t\t\t\t\t\t<div class=\"brm-item-details\">\n\t\t\t\t<div class=\"brm-item-name\">Tamanho M\u00e9dio<\/div>\n\t\t\t\t<div class=\"brm-item-price\">&#082;&#036;70.00<\/div>\n\t\t\t\t<div class=\"brm-item-description\"><\/div>\n\t\t\t<\/div>\n\t\t<\/div>\n\t\t\t\t<div class=\"brm-item brm-item-45\">\n\t\t\t\t\t\t<div class=\"brm-item-details\">\n\t\t\t\t<div class=\"brm-item-name\">Tamanho Grande<\/div>\n\t\t\t\t<div class=\"brm-item-price\">&#082;&#036;75.00<\/div>\n\t\t\t\t<div class=\"brm-item-description\"><\/div>\n\t\t\t<\/div>\n\t\t<\/div>\n\t\t\t<\/div>\n\t<\/div><div class=\"brm-menu-section nested-child\">\t\t<div class=\"brm-heading brm-group-32 subgroup\" style=\"display: block;\">\n\t\t\t\t\t\t\t<h2>Til\u00e1pia \u00e0 Chinesinho<\/h2>\n\t\t\t\t\t\t\t\t\t\t<div class=\"brm-heading-description\">Fil\u00e9 de til\u00e1pia ao molho vermelho levemente picante<\/div>\n\t\t\t\t\t<\/div>\n\t\t<div class=\"brm-items subgroup\">\n\t\t\t<div class=\"brm-item brm-item-46\">\n\t\t\t\t\t\t<div class=\"brm-item-details\">\n\t\t\t\t<div class=\"brm-item-name\">Tamanho M\u00e9dio<\/div>\n\t\t\t\t<div class=\"brm-item-price\">&#082;&#036;64.90<\/div>\n\t\t\t\t<div class=\"brm-item-description\"><\/div>\n\t\t\t<\/div>\n\t\t<\/div>\n\t\t\t\t<div class=\"brm-item brm-item-47\">\n\t\t\t\t\t\t<div class=\"brm-item-details\">\n\t\t\t\t<div class=\"brm-item-name\">Tamanho Grande<\/div>\n\t\t\t\t<div class=\"brm-item-price\">&#082;&#036;69.90<\/div>\n\t\t\t\t<div class=\"brm-item-description\"><\/div>\n\t\t\t<\/div>\n\t\t<\/div>\n\t\t\t<\/div>\n\t<\/div><div class=\"brm-menu-section nested-child\">\t\t<div class=\"brm-heading brm-group-33 subgroup\" style=\"display: block;\">\n\t\t\t\t\t\t\t<h2>Til\u00e1pia \u00e0 Chinesinho com Camar\u00e3o<\/h2>\n\t\t\t\t\t\t\t\t<\/div>\n\t\t<div class=\"brm-items subgroup\">\n\t\t\t<div class=\"brm-item brm-item-48\">\n\t\t\t\t\t\t<div class=\"brm-item-details\">\n\t\t\t\t<div class=\"brm-item-name\">Tamanho M\u00e9dio<\/div>\n\t\t\t\t<div class=\"brm-item-price\">&#082;&#036;100.00<\/div>\n\t\t\t\t<div class=\"brm-item-description\"><\/div>\n\t\t\t<\/div>\n\t\t<\/div>\n\t\t\t\t<div class=\"brm-item brm-item-49\">\n\t\t\t\t\t\t<div class=\"brm-item-details\">\n\t\t\t\t<div class=\"brm-item-name\">Tamanho Grande<\/div>\n\t\t\t\t<div class=\"brm-item-price\">&#082;&#036;110.00<\/div>\n\t\t\t\t<div class=\"brm-item-description\"><\/div>\n\t\t\t<\/div>\n\t\t<\/div>\n\t\t\t<\/div>\n\t<\/div><div class=\"brm-menu-section nested-child\">\t\t<div class=\"brm-heading brm-group-34 subgroup\" style=\"display: block;\">\n\t\t\t\t\t\t\t<h2>Til\u00e1pia ao Molho Pequin<\/h2>\n\t\t\t\t\t\t\t\t\t\t<div class=\"brm-heading-description\">Legumes, camar\u00e3o e champignon<\/div>\n\t\t\t\t\t<\/div>\n\t\t<div class=\"brm-items subgroup\">\n\t\t\t<div class=\"brm-item brm-item-50\">\n\t\t\t\t\t\t<div class=\"brm-item-details\">\n\t\t\t\t<div class=\"brm-item-name\">Tamanho M\u00e9dio<\/div>\n\t\t\t\t<div class=\"brm-item-price\">&#082;&#036;100.00<\/div>\n\t\t\t\t<div class=\"brm-item-description\"><\/div>\n\t\t\t<\/div>\n\t\t<\/div>\n\t\t\t\t<div class=\"brm-item brm-item-51\">\n\t\t\t\t\t\t<div class=\"brm-item-details\">\n\t\t\t\t<div class=\"brm-item-name\">Tamanho Grande<\/div>\n\t\t\t\t<div class=\"brm-item-price\">&#082;&#036;110.00<\/div>\n\t\t\t\t<div class=\"brm-item-description\"><\/div>\n\t\t\t<\/div>\n\t\t<\/div>\n\t\t\t<\/div>\n\t<\/div><\/div>\n<\/div>\n<div class=\"pl-developer\"><span>Best Restaurant Menu Plugin by <\/span><a href=\"https:\/\/www.pricelisto.com\/plugins\">PriceListo<\/a><\/div>\n","protected":false},"excerpt":{"rendered":"","protected":false},"author":1,"featured_media":0,"parent":0,"menu_order":0,"comment_status":"closed","ping_status":"closed","template":"","meta":{"footnotes":""},"class_list":["post-148","page","type-page","status-publish","hentry"],"_links":{"self":[{"href":"https:\/\/chinesinhoexpress.com.br\/index.php?rest_route=\/wp\/v2\/pages\/148","targetHints":{"allow":["GET"]}}],"collection":[{"href":"https:\/\/chinesinhoexpress.com.br\/index.php?rest_route=\/wp\/v2\/pages"}],"about":[{"href":"https:\/\/chinesinhoexpress.com.br\/index.php?rest_route=\/wp\/v2\/types\/page"}],"author":[{"embeddable":true,"href":"https:\/\/chinesinhoexpress.com.br\/index.php?rest_route=\/wp\/v2\/users\/1"}],"replies":[{"embeddable":true,"href":"https:\/\/chinesinhoexpress.com.br\/index.php?rest_route=%2Fwp%2Fv2%2Fcomments&post=148"}],"version-history":[{"count":4,"href":"https:\/\/chinesinhoexpress.com.br\/index.php?rest_route=\/wp\/v2\/pages\/148\/revisions"}],"predecessor-version":[{"id":235,"href":"https:\/\/chinesinhoexpress.com.br\/index.php?rest_route=\/wp\/v2\/pages\/148\/revisions\/235"}],"wp:attachment":[{"href":"https:\/\/chinesinhoexpress.com.br\/index.php?rest_route=%2Fwp%2Fv2%2Fmedia&parent=148"}],"curies":[{"name":"wp","href":"https:\/\/api.w.org\/{rel}","templated":true}]}}